{"id":678,"date":"2024-09-27T14:10:05","date_gmt":"2024-09-27T12:10:05","guid":{"rendered":"https:\/\/sportshubinternational.com\/?page_id=678"},"modified":"2024-12-12T13:55:56","modified_gmt":"2024-12-12T12:55:56","slug":"madcup-madrid","status":"publish","type":"page","link":"https:\/\/sportshubinternational.com\/index.php\/madcup-madrid\/","title":{"rendered":"MADCUP &#8211; Madrid"},"content":{"rendered":"<div id=\"pl-gb678-69fc9a35e3f53\"  class=\"panel-layout\" ><div id=\"pg-gb678-69fc9a35e3f53-0\"  class=\"panel-grid panel-no-style\" ><div id=\"pgc-gb678-69fc9a35e3f53-0-0\"  class=\"panel-grid-cell\" ><div id=\"panel-gb678-69fc9a35e3f53-0-0-0\" class=\"so-panel widget widget_text panel-first-child panel-last-child\" data-index=\"0\" >\t\t\t<div class=\"textwidget\"><p>The\u00a0<a href=\"https:\/\/madcup.tv\/videos\/169725-madcup-2024-english\" target=\"_blank\" rel=\"noopener\">MADCUP<\/a> is the biggest youth international football tournament in the world, and is it played in Madrid (Spain). This is an incredible opportunity to compete in the same tournament that in recent years has welcomed Real Madrid, Valencia, PSG, Espanyol, Benfica, Juventus, Olympique Lyonnais, Sporting Portugal, Rayadas, Tigres and Club America from M\u00e9xico,&#8230; An outstanding choice for competitive school, college, club and academy teams, and you can also enjoy Madrid in the previuos days.<\/p>\n<\/div>\n\t\t<\/div><\/div><div id=\"pgc-gb678-69fc9a35e3f53-0-1\"  class=\"panel-grid-cell\" ><div id=\"panel-gb678-69fc9a35e3f53-0-1-0\" class=\"so-panel widget widget_media_image panel-first-child panel-last-child\" data-index=\"1\" ><img loading=\"lazy\" decoding=\"async\" width=\"342\" height=\"145\" src=\"https:\/\/sportshubinternational.com\/wp-content\/uploads\/2024\/12\/MADCUP-logo.jpg\" class=\"image wp-image-1515  attachment-full size-full\" alt=\"\" style=\"max-width: 100%; height: auto;\" srcset=\"https:\/\/sportshubinternational.com\/wp-content\/uploads\/2024\/12\/MADCUP-logo.jpg 342w, https:\/\/sportshubinternational.com\/wp-content\/uploads\/2024\/12\/MADCUP-logo-300x127.jpg 300w\" sizes=\"auto, (max-width: 342px) 100vw, 342px\" \/><\/div><\/div><\/div><div id=\"pg-gb678-69fc9a35e3f53-1\"  class=\"panel-grid panel-has-style\" ><div class=\"panel-row-style panel-row-style-for-gb678-69fc9a35e3f53-1\" ><div id=\"pgc-gb678-69fc9a35e3f53-1-0\"  class=\"panel-grid-cell\" ><div id=\"panel-gb678-69fc9a35e3f53-1-0-0\" class=\"so-panel widget widget_text panel-first-child panel-last-child\" data-index=\"2\" >\t\t\t<div class=\"textwidget\"><p><img loading=\"lazy\" decoding=\"async\" class=\"alignnone wp-image-1523 size-full\" src=\"https:\/\/sportshubinternational.com\/wp-content\/uploads\/2024\/12\/campmadcup1.webp\" alt=\"\" width=\"960\" height=\"540\" srcset=\"https:\/\/sportshubinternational.com\/wp-content\/uploads\/2024\/12\/campmadcup1.webp 960w, https:\/\/sportshubinternational.com\/wp-content\/uploads\/2024\/12\/campmadcup1-300x169.webp 300w, https:\/\/sportshubinternational.com\/wp-content\/uploads\/2024\/12\/campmadcup1-768x432.webp 768w\" sizes=\"auto, (max-width: 960px) 100vw, 960px\" \/><\/p>\n<\/div>\n\t\t<\/div><\/div><div id=\"pgc-gb678-69fc9a35e3f53-1-1\"  class=\"panel-grid-cell\" ><div id=\"panel-gb678-69fc9a35e3f53-1-1-0\" class=\"so-panel widget widget_text panel-first-child panel-last-child\" data-index=\"3\" ><div class=\"panel-widget-style panel-widget-style-for-gb678-69fc9a35e3f53-1-1-0\" >\t\t\t<div class=\"textwidget\"><h3 class=\"widget-title\">Do you want to compete against them?<\/h3>\n<div class=\"textwidget\">\n<p>We bring you the best package to make your experience in the country complete and unforgettable. A 10 day package to enjoy cultural and sporting activities in the country.<\/p>\n<p>WHAT IS INCLUDED IN THE PACKAGE?<\/p>\n<p>\u00b7\u00a0<strong>Previous days<\/strong> (Visit Santiago Bernab\u00e9u museum, Plaza Mayor, Madrid sightseeing , Parque del Retiro tour, Puerta de Alcal\u00e1, Gran V\u00eda, one training sessions and one preparation friendly)<\/p>\n<p>\u00b7\u00a0<strong>Tournament<\/strong>\u00a0(6 tournament days. 4 games are guarantee up to 8 games)<\/p>\n<\/div>\n<\/div>\n\t\t<\/div><\/div><\/div><\/div><\/div><div id=\"pg-gb678-69fc9a35e3f53-2\"  class=\"panel-grid panel-no-style\" ><div id=\"pgc-gb678-69fc9a35e3f53-2-0\"  class=\"panel-grid-cell\" ><div id=\"panel-gb678-69fc9a35e3f53-2-0-0\" class=\"so-panel widget widget_text panel-first-child panel-last-child\" data-index=\"4\" ><h3 class=\"widget-title\">Some teams that have already participated:<\/h3>\t\t\t<div class=\"textwidget\"><p><img loading=\"lazy\" decoding=\"async\" class=\"aligncenter wp-image-1507 size-full\" src=\"https:\/\/sportshubinternational.com\/wp-content\/uploads\/2024\/12\/Imagen3-madcup.png\" alt=\"\" width=\"807\" height=\"221\" srcset=\"https:\/\/sportshubinternational.com\/wp-content\/uploads\/2024\/12\/Imagen3-madcup.png 807w, https:\/\/sportshubinternational.com\/wp-content\/uploads\/2024\/12\/Imagen3-madcup-300x82.png 300w, https:\/\/sportshubinternational.com\/wp-content\/uploads\/2024\/12\/Imagen3-madcup-768x210.png 768w\" sizes=\"auto, (max-width: 807px) 100vw, 807px\" \/><\/p>\n<\/div>\n\t\t<\/div><\/div><\/div><div id=\"pg-gb678-69fc9a35e3f53-3\"  class=\"panel-grid panel-no-style\" ><div id=\"pgc-gb678-69fc9a35e3f53-3-0\"  class=\"panel-grid-cell\" ><div id=\"panel-gb678-69fc9a35e3f53-3-0-0\" class=\"so-panel widget widget_headline-widget panel-first-child\" data-index=\"5\" >\t\t<h1>Would you like to be the next?<\/h1>\n\t\t<div class=\"decoration\"><div class=\"decoration-inside\"><\/div><\/div>\n\t\t<h3><\/h3>\n\t\t<\/div><div id=\"panel-gb678-69fc9a35e3f53-3-0-1\" class=\"so-panel widget widget_circleicon-widget panel-last-child\" data-index=\"6\" >\t\t<div class=\"circle-icon-box circle-icon-position-top circle-icon-hide-box circle-icon-size-small \">\n\t\t\t\t\t\t\t<div class=\"circle-icon-wrapper\">\n\t\t\t\t\t\t\t\t\t\t<a href=\"https:\/\/sportshubinternational.com\/index.php\/contact\/\" class=\"link-icon\" target=\"_blank\">\t\t\t\t\t<div class=\"circle-icon icon-style-set\" style=\"background-color: #971c1c\">\n\t\t\t\t\t\t\t\t\t\t\t\t\t<div\n\t\t\t\t\t\t\t\tclass=\"fa fa-mouse-pointer  icon-style-set\"\n\t\t\t\t\t\t\t\tstyle=\"color: #ffffff\"\t\t\t\t\t\t\t><\/div>\n\t\t\t\t\t\t\t\t\t\t\t<\/div>\n\t\t\t\t\t<\/a>\t\t\t\t<\/div>\n\t\t\t\n\t\t\t\t\t\t\t<a\n\t\t\t\t\thref=\"https:\/\/sportshubinternational.com\/index.php\/contact\/\"\n\t\t\t\t\tclass=\"link-title\" target=&quot;_blank&quot;\t\t\t\t>\n\t\t\t\t\t\t\t\t\t\t\t\t\t<\/a>\n\t\t\t\n\t\t\t\t\t\t\t\t\t\t<a\n\t\t\t\t\thref=\"https:\/\/sportshubinternational.com\/index.php\/contact\/\"\n\t\t\t\t\tclass=\"more-button\"\n\t\t\t\t\ttarget=&quot;_blank&quot;\t\t\t\t>\n\t\t\t\t\tMore Info\t\t\t\t\t<i><\/i>\n\t\t\t\t<\/a>\n\t\t\t\t\t<\/div>\n\t\t<\/div><\/div><\/div><div id=\"pg-gb678-69fc9a35e3f53-4\"  class=\"panel-grid panel-no-style\" ><div id=\"pgc-gb678-69fc9a35e3f53-4-0\"  class=\"panel-grid-cell\" ><div id=\"panel-gb678-69fc9a35e3f53-4-0-0\" class=\"widget_text so-panel widget widget_custom_html panel-first-child panel-last-child\" data-index=\"7\" ><div class=\"textwidget custom-html-widget\"><style id=\"wp_carousel_dynamic_css1531\">.sp-wp-carousel-free-id-1531.wpcf-fancybox-wrapper .fancybox-bg{background: #0b0b0b;opacity: 0.8;}.sp-wp-carousel-free-id-1531.wpcf-fancybox-wrapper .fancybox-navigation .fancybox-button .wpcp-fancybox-nav-arrow i {color: #ccc;}.sp-wp-carousel-free-id-1531.wpcf-fancybox-wrapper .fancybox-navigation .fancybox-button .wpcp-fancybox-nav-arrow i:hover {color: #fff;}.sp-wp-carousel-free-id-1531.wpcf-fancybox-wrapper .fancybox-navigation .fancybox-button {background: #1e1e1e;}.sp-wp-carousel-free-id-1531.wpcf-fancybox-wrapper .fancybox-navigation .fancybox-button:hover {background: #1e1e1e;}#sp-wp-carousel-free-id-1531 .wpcp-swiper-dots {margin: 40px 0px 0px 0px;}.wpcp-wrapper-1531 .swiper-wrapper .swiper-slide-kenburn, .wpcp-wrapper-1531 .swiper-wrapper, .wpcp-wrapper-1531 .wpcpro-row{align-items: center;}#sp-wp-carousel-free-id-1531 .wpcp-single-item {box-shadow: 0px 0px 0px 0px #dddddd;transition: all .3s;margin: 0px;}#sp-wp-carousel-free-id-1531.swiper-flip .wpcp-single-item{margin: 0!important;}#sp-wp-carousel-free-id-1531 .wpcp-single-item:hover {box-shadow: 0px 0px 0px 0px #dddddd;}#sp-wp-carousel-free-id-1531.sp-wpcp-1531 .wpcp-single-item {border: 1px solid #dddddd;}#sp-wp-carousel-free-id-1531.wpcp-carousel-section.sp-wpcp-1531 .swiper-button-prev,#sp-wp-carousel-free-id-1531.wpcp-carousel-section.sp-wpcp-1531 .swiper-button-next,#sp-wp-carousel-free-id-1531.wpcp-carousel-section.sp-wpcp-1531 .swiper-button-prev:hover,#sp-wp-carousel-free-id-1531.wpcp-carousel-section.sp-wpcp-1531 .swiper-button-next:hover {font-size: 18px ; font-weight: 400;}#sp-wp-carousel-free-id-1531.sp-wpcp-1531 .swiper-button-prev,#sp-wp-carousel-free-id-1531.sp-wpcp-1531 .swiper-button-next,#sp-wp-carousel-free-id-1531.sp-wpcp-1531 .swiper-button-prev:hover,#sp-wp-carousel-free-id-1531.sp-wpcp-1531 .swiper-button-next:hover {background: none;border: none;font-size: 30px;}#sp-wp-carousel-free-id-1531.sp-wpcp-1531 .swiper-button-prev i,#sp-wp-carousel-free-id-1531.sp-wpcp-1531 .swiper-button-next i {color: #ffffff;}#sp-wp-carousel-free-id-1531.sp-wpcp-1531 .swiper-button-prev i:hover,#sp-wp-carousel-free-id-1531.sp-wpcp-1531 .swiper-button-next i:hover {color: #971c1c;}#sp-wp-carousel-free-id-1531 .wpcpro-row>[class*=\"wpcpro-col-\"] { padding: 0 10px; padding-bottom: 20px;} #sp-wp-carousel-free-id-1531 .swiper-slide .single-item-fade:not(:last-child) { margin-right: 20px;}@media (min-width: 480px) { .wpcpro-row .wpcpro-col-sm-1 { flex: 0 0 100%; max-width: 100%; } .wpcpro-row .wpcpro-col-sm-2 { flex: 0 0 50%; max-width: 50%; } .wpcpro-row .wpcpro-col-sm-2-5 { flex: 0 0 75%; max-width: 75%; } .wpcpro-row .wpcpro-col-sm-3 { flex: 0 0 33.333%; max-width: 33.333%; } .wpcpro-row .wpcpro-col-sm-4 { flex: 0 0 25%; max-width: 25%; } .wpcpro-row .wpcpro-col-sm-5 { flex: 0 0 20%; max-width: 20%; } .wpcpro-row .wpcpro-col-sm-6 { flex: 0 0 16.66666666666667%; max-width: 16.66666666666667%; } .wpcpro-row .wpcpro-col-sm-7 { flex: 0 0 14.28571428%; max-width: 14.28571428%; } .wpcpro-row .wpcpro-col-sm-8 { flex: 0 0 12.5%; max-width: 12.5%; } } @media (max-width: 480px) { .wpcpro-row .wpcpro-col-xs-1 { flex: 0 0 100%; max-width: 100%; } .wpcpro-row .wpcpro-col-xs-2 { flex: 0 0 50%; max-width: 50%; } .wpcpro-row .wpcpro-col-xs-3 { flex: 0 0 33.222%; max-width: 33.222%; } .wpcpro-row .wpcpro-col-xs-4 { flex: 0 0 25%; max-width: 25%; } .wpcpro-row .wpcpro-col-xs-5 { flex: 0 0 20%; max-width: 20%; } .wpcpro-row .wpcpro-col-xs-6 { flex: 0 0 16.6667%; max-width: 16.6667%; } .wpcpro-row .wpcpro-col-xs-7 { flex: 0 0 14.28571428%; max-width: 14.28571428%; } .wpcpro-row .wpcpro-col-xs-8 { flex: 0 0 12.5%; max-width: 12.5%; } } @media (min-width: 736px) { .wpcpro-row .wpcpro-col-md-1 { flex: 0 0 100%; max-width: 100%; } .wpcpro-row .wpcpro-col-md-2 { flex: 0 0 50%; max-width: 50%; } .wpcpro-row .wpcpro-col-md-2-5 { flex: 0 0 75%; max-width: 75%; } .wpcpro-row .wpcpro-col-md-3 { flex: 0 0 33.333%; max-width: 33.333%; } .wpcpro-row .wpcpro-col-md-4 { flex: 0 0 25%; max-width: 25%; } .wpcpro-row .wpcpro-col-md-5 { flex: 0 0 20%; max-width: 20%; } .wpcpro-row .wpcpro-col-md-6 { flex: 0 0 16.66666666666667%; max-width: 16.66666666666667%; } .wpcpro-row .wpcpro-col-md-7 { flex: 0 0 14.28571428%; max-width: 14.28571428%; } .wpcpro-row .wpcpro-col-md-8 { flex: 0 0 12.5%; max-width: 12.5%; } } @media (min-width: 980px) { .wpcpro-row .wpcpro-col-lg-1 { flex: 0 0 100%; max-width: 100%; } .wpcpro-row .wpcpro-col-lg-2 { flex: 0 0 50%; max-width: 50%; } .wpcpro-row .wpcpro-col-lg-3 { flex: 0 0 33.222%; max-width: 33.222%; } .wpcpro-row .wpcpro-col-lg-4 { flex: 0 0 25%; max-width: 25%; } .wpcpro-row .wpcpro-col-lg-5 { flex: 0 0 20%; max-width: 20%; } .wpcpro-row .wpcpro-col-lg-6 { flex: 0 0 16.6667%; max-width: 16.6667%; } .wpcpro-row .wpcpro-col-lg-7 { flex: 0 0 14.28571428%; max-width: 14.28571428%; } .wpcpro-row .wpcpro-col-lg-8 { flex: 0 0 12.5%; max-width: 12.5%; } } @media (min-width: 1200px) { .wpcpro-row .wpcpro-col-xl-1 { flex: 0 0 100%; max-width: 100%; } .wpcpro-row .wpcpro-col-xl-2 { flex: 0 0 50%; max-width: 50%; } .wpcpro-row .wpcpro-col-xl-3 { flex: 0 0 33.22222222%; max-width: 33.22222222%; } .wpcpro-row .wpcpro-col-xl-4 { flex: 0 0 25%; max-width: 25%; } .wpcpro-row .wpcpro-col-xl-5 { flex: 0 0 20%; max-width: 20%; } .wpcpro-row .wpcpro-col-xl-6 { flex: 0 0 16.66667%; max-width: 16.66667%; } .wpcpro-row .wpcpro-col-xl-7 { flex: 0 0 14.28571428%; max-width: 14.28571428%; } .wpcpro-row .wpcpro-col-xl-8 { flex: 0 0 12.5%; max-width: 12.5%; } }<\/style><div class=\"wpcp-carousel-wrapper wpcp-wrapper-1531\">\n\t<div id=\"wpcp-preloader-1531\" class=\"wpcp-carousel-preloader\"><img decoding=\"async\" src=\"https:\/\/sportshubinternational.com\/wp-content\/plugins\/wp-carousel-free\/public\/css\/spinner.svg\" alt=\"Preloader Image\" \/><\/div>\t<div class=\"wpcp-carousel-content-wrapper\">\n\t<div id=\"sp-wp-carousel-free-id-1531\" class=\"wpcp-carousel-section sp-wpcp-1531  nav-vertical-center wpcp-image-carousel wpcp-preloader wpcp-standard\" data-swiper='{ &quot;pagination_type&quot;: &quot;dots&quot;,&quot;accessibility&quot;:true, &quot;spaceBetween&quot;:20, &quot;arrows&quot;:true, &quot;freeMode&quot;: false, &quot;autoplay&quot;:true, &quot;effect&quot;: &quot;&quot;, &quot;centerMode&quot;: false, &quot;autoplaySpeed&quot;:3000, &quot;dots&quot;:false, &quot;infinite&quot;:true, &quot;speed&quot;:600, &quot;pauseOnHover&quot;:true,\n\t\t\t&quot;slidesToShow&quot;:{&quot;lg_desktop&quot;:5, &quot;desktop&quot;: 4, &quot;laptop&quot;: 3, &quot;tablet&quot;: 2, &quot;mobile&quot;: 1}, &quot;responsive&quot;:{&quot;desktop&quot;:1200, &quot;laptop&quot;: 980, &quot;tablet&quot;: 736, &quot;mobile&quot;: 480}, &quot;rtl&quot;:false, &quot;lazyLoad&quot;: &quot;false&quot;, &quot;swipe&quot;: true, &quot;draggable&quot;: true, &quot;swipeToSlide&quot;:false }' dir=\"ltr\">\n\t\t<div class=\"swiper-wrapper\">\n\t\t<div class=\"swiper-slide\">\n\t<div class=\"wpcp-single-item\">\n\t\t\t<a class=\"wcp-light-box\" data-buttons='[\"close\"]' data-wpc_url='https:\/\/sportshubinternational.com\/wp-content\/uploads\/2024\/12\/Mad1.png' href=\"https:\/\/sportshubinternational.com\/wp-content\/uploads\/2024\/12\/Mad1.png\" data-fancybox=\"wpcp_view\">\n\t\t<figure>\n\t\t\t<img loading=\"lazy\" decoding=\"async\" class=\"skip-lazy\" src=\"https:\/\/sportshubinternational.com\/wp-content\/uploads\/2024\/12\/Mad1.png\" alt=\"Mad1\" width=\"567\" height=\"354\">\t\t<\/figure>\n\t<\/a>\n\t\t<\/div>\n<\/div>\n\t<div class=\"swiper-slide\">\n\t<div class=\"wpcp-single-item\">\n\t\t\t<a class=\"wcp-light-box\" data-buttons='[\"close\"]' data-wpc_url='https:\/\/sportshubinternational.com\/wp-content\/uploads\/2024\/12\/Mad2.png' href=\"https:\/\/sportshubinternational.com\/wp-content\/uploads\/2024\/12\/Mad2.png\" data-fancybox=\"wpcp_view\">\n\t\t<figure>\n\t\t\t<img loading=\"lazy\" decoding=\"async\" class=\"skip-lazy\" src=\"https:\/\/sportshubinternational.com\/wp-content\/uploads\/2024\/12\/Mad2.png\" alt=\"Mad2\" width=\"500\" height=\"375\">\t\t<\/figure>\n\t<\/a>\n\t\t<\/div>\n<\/div>\n\t<div class=\"swiper-slide\">\n\t<div class=\"wpcp-single-item\">\n\t\t\t<a class=\"wcp-light-box\" data-buttons='[\"close\"]' data-wpc_url='https:\/\/sportshubinternational.com\/wp-content\/uploads\/2024\/12\/Mad3.png' href=\"https:\/\/sportshubinternational.com\/wp-content\/uploads\/2024\/12\/Mad3.png\" data-fancybox=\"wpcp_view\">\n\t\t<figure>\n\t\t\t<img loading=\"lazy\" decoding=\"async\" class=\"skip-lazy\" src=\"https:\/\/sportshubinternational.com\/wp-content\/uploads\/2024\/12\/Mad3.png\" alt=\"Mad3\" width=\"567\" height=\"378\">\t\t<\/figure>\n\t<\/a>\n\t\t<\/div>\n<\/div>\n\t<div class=\"swiper-slide\">\n\t<div class=\"wpcp-single-item\">\n\t\t\t<a class=\"wcp-light-box\" data-buttons='[\"close\"]' data-wpc_url='https:\/\/sportshubinternational.com\/wp-content\/uploads\/2024\/12\/Mad4.png' href=\"https:\/\/sportshubinternational.com\/wp-content\/uploads\/2024\/12\/Mad4.png\" data-fancybox=\"wpcp_view\">\n\t\t<figure>\n\t\t\t<img loading=\"lazy\" decoding=\"async\" class=\"skip-lazy\" src=\"https:\/\/sportshubinternational.com\/wp-content\/uploads\/2024\/12\/Mad4.png\" alt=\"Mad4\" width=\"567\" height=\"352\">\t\t<\/figure>\n\t<\/a>\n\t\t<\/div>\n<\/div>\n\t<div class=\"swiper-slide\">\n\t<div class=\"wpcp-single-item\">\n\t\t\t<a class=\"wcp-light-box\" data-buttons='[\"close\"]' data-wpc_url='https:\/\/sportshubinternational.com\/wp-content\/uploads\/2024\/12\/Mad5.png' href=\"https:\/\/sportshubinternational.com\/wp-content\/uploads\/2024\/12\/Mad5.png\" data-fancybox=\"wpcp_view\">\n\t\t<figure>\n\t\t\t<img loading=\"lazy\" decoding=\"async\" class=\"skip-lazy\" src=\"https:\/\/sportshubinternational.com\/wp-content\/uploads\/2024\/12\/Mad5.png\" alt=\"Mad5\" width=\"567\" height=\"377\">\t\t<\/figure>\n\t<\/a>\n\t\t<\/div>\n<\/div>\n\t<div class=\"swiper-slide\">\n\t<div class=\"wpcp-single-item\">\n\t\t\t<a class=\"wcp-light-box\" data-buttons='[\"close\"]' data-wpc_url='https:\/\/sportshubinternational.com\/wp-content\/uploads\/2024\/12\/Mad6.png' href=\"https:\/\/sportshubinternational.com\/wp-content\/uploads\/2024\/12\/Mad6.png\" data-fancybox=\"wpcp_view\">\n\t\t<figure>\n\t\t\t<img loading=\"lazy\" decoding=\"async\" class=\"skip-lazy\" src=\"https:\/\/sportshubinternational.com\/wp-content\/uploads\/2024\/12\/Mad6.png\" alt=\"Mad6\" width=\"567\" height=\"319\">\t\t<\/figure>\n\t<\/a>\n\t\t<\/div>\n<\/div>\n\t<div class=\"swiper-slide\">\n\t<div class=\"wpcp-single-item\">\n\t\t\t<a class=\"wcp-light-box\" data-buttons='[\"close\"]' data-wpc_url='https:\/\/sportshubinternational.com\/wp-content\/uploads\/2024\/12\/mad7-768x511.webp' href=\"https:\/\/sportshubinternational.com\/wp-content\/uploads\/2024\/12\/mad7.webp\" data-fancybox=\"wpcp_view\">\n\t\t<figure>\n\t\t\t<img loading=\"lazy\" decoding=\"async\" class=\"skip-lazy\" src=\"https:\/\/sportshubinternational.com\/wp-content\/uploads\/2024\/12\/mad7-768x511.webp\" alt=\"mad7\" width=\"720\" height=\"479\">\t\t<\/figure>\n\t<\/a>\n\t\t<\/div>\n<\/div>\n\t<div class=\"swiper-slide\">\n\t<div class=\"wpcp-single-item\">\n\t\t\t<a class=\"wcp-light-box\" data-buttons='[\"close\"]' data-wpc_url='https:\/\/sportshubinternational.com\/wp-content\/uploads\/2024\/12\/Mad8.jpg' href=\"https:\/\/sportshubinternational.com\/wp-content\/uploads\/2024\/12\/Mad8.jpg\" data-fancybox=\"wpcp_view\">\n\t\t<figure>\n\t\t\t<img loading=\"lazy\" decoding=\"async\" class=\"skip-lazy\" src=\"https:\/\/sportshubinternational.com\/wp-content\/uploads\/2024\/12\/Mad8.jpg\" alt=\"Mad8\" width=\"690\" height=\"460\">\t\t<\/figure>\n\t<\/a>\n\t\t<\/div>\n<\/div>\n\t\t\t<\/div>\n\t\t\t\t<!-- If we need navigation buttons -->\n\t\t\t\t\t<div class=\"wpcp-prev-button swiper-button-prev\"><i class=\"fa fa-angle-left\"><\/i><\/div>\n\t\t\t<div class=\"wpcp-next-button swiper-button-next\"><i class=\"fa fa-angle-right\"><\/i><\/div>\n\t\t\t<\/div>\n\t<\/div>\n<\/div>\n<\/div><\/div><\/div><\/div><\/div>","protected":false},"excerpt":{"rendered":"<p>The\u00a0MADCUP is the biggest youth international football tournament in the world, and is it played in Madrid (Spain). This is an incredible opportunity to compete in the same tournament that in recent years has welcomed Real Madrid, Valencia, PSG, Espanyol, Benfica, Juventus, Olympique Lyonnais, Sporting Portugal, Rayadas, Tigres and Club America from M\u00e9xico,&#8230; An outstanding [&hellip;]<\/p>\n","protected":false},"author":1,"featured_media":0,"parent":0,"menu_order":0,"comment_status":"closed","ping_status":"closed","template":"","meta":{"footnotes":""},"class_list":["post-678","page","type-page","status-publish","hentry","post"],"_links":{"self":[{"href":"https:\/\/sportshubinternational.com\/index.php\/wp-json\/wp\/v2\/pages\/678","targetHints":{"allow":["GET"]}}],"collection":[{"href":"https:\/\/sportshubinternational.com\/index.php\/wp-json\/wp\/v2\/pages"}],"about":[{"href":"https:\/\/sportshubinternational.com\/index.php\/wp-json\/wp\/v2\/types\/page"}],"author":[{"embeddable":true,"href":"https:\/\/sportshubinternational.com\/index.php\/wp-json\/wp\/v2\/users\/1"}],"replies":[{"embeddable":true,"href":"https:\/\/sportshubinternational.com\/index.php\/wp-json\/wp\/v2\/comments?post=678"}],"version-history":[{"count":26,"href":"https:\/\/sportshubinternational.com\/index.php\/wp-json\/wp\/v2\/pages\/678\/revisions"}],"predecessor-version":[{"id":1635,"href":"https:\/\/sportshubinternational.com\/index.php\/wp-json\/wp\/v2\/pages\/678\/revisions\/1635"}],"wp:attachment":[{"href":"https:\/\/sportshubinternational.com\/index.php\/wp-json\/wp\/v2\/media?parent=678"}],"curies":[{"name":"wp","href":"https:\/\/api.w.org\/{rel}","templated":true}]}}